{"id":1071,"date":"2023-02-17T14:48:39","date_gmt":"2023-02-17T14:48:39","guid":{"rendered":"http:\/\/cura3d.local\/?page_id=1071"},"modified":"2023-02-17T15:25:02","modified_gmt":"2023-02-17T15:25:02","slug":"interactivetour-vr","status":"publish","type":"page","link":"https:\/\/cura3d.com\/en\/software\/interactivetour-vr\/","title":{"rendered":"InteractiveTour VR"},"content":{"rendered":"\n<div class=\"wp-block-cover alignfull is-light\" style=\"min-height:100vh;aspect-ratio:unset;\"><span aria-hidden=\"true\" class=\"wp-block-cover__background has-custom-white-background-color has-background-dim-20 has-background-dim\"><\/span><img decoding=\"async\" class=\"wp-block-cover__image-background wp-image-1072\" alt=\"\" src=\"https:\/\/cura3d.com\/wp-content\/uploads\/2023\/02\/virtualTour-VR_cfa_berlin.jpg\" data-object-fit=\"cover\"\/><div class=\"wp-block-cover__inner-container is-layout-flow wp-block-cover-is-layout-flow\">\n<p class=\"has-text-align-center has-large-font-size\"><\/p>\n<\/div><\/div>\n\n\n\n<div class=\"wp-block-group alignfull has-global-padding is-layout-constrained wp-block-group-is-layout-constrained\">\n<div class=\"wp-block-columns alignwide is-layout-flex wp-container-core-columns-is-layout-d0b3c9c8 wp-block-columns-is-layout-flex\">\n<div class=\"wp-block-column is-layout-flow wp-block-column-is-layout-flow\">\n<figure class=\"wp-block-image size-large is-resized\"><img loading=\"lazy\" decoding=\"async\" src=\"https:\/\/cura3d.com\/wp-content\/uploads\/2023\/01\/logo_interactivetour-vr.svg\" alt=\"\" class=\"wp-image-130\" width=\"496\" height=\"63\"\/><\/figure>\n\n\n\n<div style=\"height:50px\" aria-hidden=\"true\" class=\"wp-block-spacer\"><\/div>\n\n\n\n<h3 class=\"wp-block-heading\">Machen Sie ihre virtuell geplante Ausstellungen erlebbar<\/h3>\n\n\n\n<p>Mit unserem Plug-in f\u00fcr <strong>museum pro<\/strong> und <strong>gallery pro<\/strong> lassen sich virtuelle Rundg\u00e4nge innerhalb von wenigen Minuten webbasiert ver\u00f6ffentlichen.<\/p>\n\n\n\n<p>Sobald Sie ihre Ausstellung \u00fcber <strong>museum pro<\/strong> oder <strong>gallery pro<\/strong> fertig geplant haben, l\u00e4sst sich ganz einfach ein virtueller Rundgang mit beliebig vielen Standpunkten ver\u00f6ffentlichen. Und das Beste ist, dass unmittelbar nach der Ver\u00f6ffentlichung automatisch ein Einbettungslink erstellt wird. Mithilfe dieses Einbettungslinks sind Sie in der Lage, Ihren virtuellen Rundgang durch Ihre Ausstellung in allen g\u00e4ngigen Content Management Systemen, wie WordPress, Joomla, Drupal, etc. einzubetten.<\/p>\n\n\n\n<p>Die zuvor in unsere Planungssoftware importierten Metadaten werden hierbei \u00fcbernommen und k\u00f6nnen mittels Klick auf das Exponat angezeigt werden. Dar\u00fcber hinaus lassen sich in unserer Planungssoftware, Medien wie Text- oder Bilddokumente, sowie Audiofiles und Videodateien hinterlegen, die zur optimalen Vermittlung der Werke dienen k\u00f6nnen.<br><br>Ein manuelles Editieren ist nicht n\u00f6tig. <br>Dies spart Zeit und garantiert, dass alle relevanten Informationen ber\u00fccksichtigt werden.<\/p>\n\n\n\n<div style=\"height:100px\" aria-hidden=\"true\" class=\"wp-block-spacer\"><\/div>\n<\/div>\n<\/div>\n<\/div>\n\n\n\n<div class=\"wp-block-group alignfull has-custom-cura-blue-background-color has-background has-global-padding is-layout-constrained wp-block-group-is-layout-constrained\">\n<div class=\"wp-block-columns alignwide is-layout-flex wp-container-core-columns-is-layout-d0b3c9c8 wp-block-columns-is-layout-flex\">\n<div class=\"wp-block-column is-vertically-aligned-center is-layout-flow wp-block-column-is-layout-flow\">\n<h3 class=\"has-custom-white-color has-text-color wp-block-heading\">Cross Device Support<\/h3>\n\n\n\n<p class=\"has-custom-white-color has-text-color\">Der cura<sup>3D<\/sup> PanoViewer l\u00e4uft auf nahezu allen Devices, vom Desktoprechner bis hin zum Smartphone sind der Ver\u00f6ffentlichung keine hardwareseitigen Grenzen gesetzt.<\/p>\n<\/div>\n\n\n\n<div class=\"wp-block-column is-layout-flow wp-block-column-is-layout-flow\">\n<figure class=\"wp-block-image size-large is-resized\"><img loading=\"lazy\" decoding=\"async\" src=\"https:\/\/cura3d.com\/wp-content\/uploads\/2023\/02\/interactiveTour-VR_devices-1024x629.png\" alt=\"\" class=\"wp-image-1082\" width=\"830\" height=\"509\"\/><\/figure>\n<\/div>\n<\/div>\n<\/div>\n\n\n\n<div class=\"wp-block-group alignfull mb-0 mt-0 has-global-padding is-layout-constrained wp-block-group-is-layout-constrained\">\n<div class=\"wp-block-columns alignfull is-layout-flex wp-container-core-columns-is-layout-d0b3c9c8 wp-block-columns-is-layout-flex\">\n<div class=\"wp-block-column is-vertically-aligned-center is-layout-flow wp-block-column-is-layout-flow\" style=\"padding-top:var(--wp--preset--spacing--30);padding-right:var(--wp--preset--spacing--30);padding-bottom:var(--wp--preset--spacing--30);padding-left:var(--wp--preset--spacing--30)\">\n<iframe src=\"https:\/\/highend360.de\/JJ_Audio\/index.html\" style=\"overflow:hidden; height:600px; border:none; width:100%;\"><\/iframe>\n<\/div>\n\n\n\n<div class=\"wp-block-column is-layout-flow wp-block-column-is-layout-flow\">\n<div class=\"wp-block-columns are-vertically-aligned-center is-layout-flex wp-container-core-columns-is-layout-d0b3c9c8 wp-block-columns-is-layout-flex\">\n<div class=\"wp-block-column is-vertically-aligned-center is-layout-flow wp-block-column-is-layout-flow\" style=\"--col-width:520px;padding-top:var(--wp--preset--spacing--30);padding-right:var(--wp--preset--spacing--30);padding-bottom:var(--wp--preset--spacing--30);padding-left:var(--wp--preset--spacing--30);flex-basis:520px\">\n<h3 class=\"wp-block-heading\">Bieten Sie Ihren Museums- oder Galeriebesuchern einen Mehrwert<\/h3>\n\n\n\n<p>Ob spontan geplante Ausstellungen im Museum oder virtuelle Galeriebesuche weltweit barrierefrei zug\u00e4nglich zu machen \u2013 unser Plug-in wird Ihnen helfen, Ihren Webauftritt zu bereichern. Stellen Sie sich vor, Sie k\u00f6nnten ihre Werke nicht nur virtuell erlebbar machen, sondern auch durch Hilfe diverser Zusatzmedien wie Audio, Video und Text begreifbar machen.<\/p>\n<\/div>\n\n\n\n<div class=\"wp-block-column is-vertically-aligned-center is-layout-flow wp-block-column-is-layout-flow\"><\/div>\n<\/div>\n<\/div>\n<\/div>\n<\/div>\n\n\n\n<section id=\"MailForm\" class=\"wp-block-group has-global-padding is-layout-constrained wp-block-group-is-layout-constrained\">\n<div style=\"height:100px\" aria-hidden=\"true\" class=\"wp-block-spacer\"><\/div>\n\n\n\n<div class=\"wp-block-columns alignwide is-layout-flex wp-container-core-columns-is-layout-d0b3c9c8 wp-block-columns-is-layout-flex\">\n<div class=\"wp-block-column is-layout-flow wp-block-column-is-layout-flow\">\n<h2 class=\"wp-block-heading has-text-align-center\">Unanswered questions?  <br\/>We will be happy to advise you.<\/h2>\n\n\n\n<div style=\"height:50px\" aria-hidden=\"true\" class=\"wp-block-spacer\"><\/div>\n\n\n\n<div class=\"wpcf7 no-js\" id=\"wpcf7-f8439-o1\" lang=\"en-US\" dir=\"ltr\" data-wpcf7-id=\"8439\">\n<div class=\"screen-reader-response\"><p role=\"status\" aria-live=\"polite\" aria-atomic=\"true\"><\/p> <ul><\/ul><\/div>\n<form action=\"\/en\/wp-json\/wp\/v2\/pages\/1071#wpcf7-f8439-o1\" method=\"post\" class=\"wpcf7-form init\" aria-label=\"Contact form\" novalidate=\"novalidate\" data-status=\"init\">\n<fieldset class=\"hidden-fields-container\"><input type=\"hidden\" name=\"_wpcf7\" value=\"8439\" \/><input type=\"hidden\" name=\"_wpcf7_version\" value=\"6.1.5\" \/><input type=\"hidden\" name=\"_wpcf7_locale\" value=\"en_US\" \/><input type=\"hidden\" name=\"_wpcf7_unit_tag\" value=\"wpcf7-f8439-o1\" \/><input type=\"hidden\" name=\"_wpcf7_container_post\" value=\"0\" \/><input type=\"hidden\" name=\"_wpcf7_posted_data_hash\" value=\"\" \/><input type=\"hidden\" name=\"_wpcf7_recaptcha_response\" value=\"\" \/>\n<\/fieldset>\n<p><label id=\"ihr-name\"> Your name<br \/>\n<\/label>\n<\/p>\n<div class=\"cf7form-input\">\n\t<p><span class=\"wpcf7-form-control-wrap\" data-name=\"your-name\"><input size=\"40\" maxlength=\"400\" class=\"wpcf7-form-control wpcf7-text wpcf7-validates-as-required\" autocomplete=\"name\" aria-required=\"true\" aria-invalid=\"false\" value=\"\" type=\"text\" name=\"your-name\" \/><\/span>\n\t<\/p>\n<\/div>\n<p><label id=\"ihre-telefonnummer-2\"> Your telephone number<br \/>\n<\/label>\n<\/p>\n<div class=\"cf7form-input\">\n\t<p><span class=\"wpcf7-form-control-wrap\" data-name=\"tel-374\"><input size=\"40\" maxlength=\"400\" class=\"wpcf7-form-control wpcf7-tel wpcf7-text wpcf7-validates-as-tel\" aria-invalid=\"false\" value=\"\" type=\"tel\" name=\"tel-374\" \/><\/span>\n\t<\/p>\n<\/div>\n<p><label id=\"ihre-e-mail-adresse\"> Your e-mail address<br \/>\n<\/label>\n<\/p>\n<div class=\"cf7form-input\">\n\t<p><span class=\"wpcf7-form-control-wrap\" data-name=\"your-email\"><input size=\"40\" maxlength=\"400\" class=\"wpcf7-form-control wpcf7-email wpcf7-validates-as-required wpcf7-text wpcf7-validates-as-email\" autocomplete=\"email\" aria-required=\"true\" aria-invalid=\"false\" value=\"\" type=\"email\" name=\"your-email\" \/><\/span>\n\t<\/p>\n<\/div>\n<p><label id=\"ihre-nachricht\"> Your message<br \/>\n<\/label>\n<\/p>\n<div class=\"cf7-form-textarea\">\n\t<p><span class=\"wpcf7-form-control-wrap\" data-name=\"your-message\"><textarea cols=\"40\" rows=\"10\" maxlength=\"2000\" class=\"wpcf7-form-control wpcf7-textarea\" aria-invalid=\"false\" name=\"your-message\"><\/textarea><\/span>\n\t<\/p>\n<\/div>\n<p><input class=\"wpcf7-form-control wpcf7-submit has-spinner\" type=\"submit\" value=\"Send\" \/>\n<\/p><div class=\"wpcf7-response-output\" aria-hidden=\"true\"><\/div>\n<\/form>\n<\/div>\n\n\n\n<\/div>\n<\/div>\n\n\n\n<div style=\"height:100px\" aria-hidden=\"true\" class=\"wp-block-spacer\"><\/div>\n<\/section>\n","protected":false},"excerpt":{"rendered":"<p>Machen Sie ihre virtuell geplante Ausstellungen erlebbar Mit unserem Plug-in f\u00fcr museum pro und gallery pro lassen sich virtuelle Rundg\u00e4nge innerhalb von wenigen Minuten webbasiert ver\u00f6ffentlichen. Sobald Sie ihre Ausstellung \u00fcber museum pro oder gallery pro fertig geplant haben, l\u00e4sst sich ganz einfach ein virtueller Rundgang mit beliebig vielen Standpunkten ver\u00f6ffentlichen. Und das Beste ist, [&hellip;]<\/p>\n","protected":false},"author":1,"featured_media":0,"parent":17,"menu_order":4,"comment_status":"closed","ping_status":"closed","template":"","meta":{"_coblocks_attr":"","_coblocks_dimensions":"","_coblocks_responsive_height":"","_coblocks_accordion_ie_support":"","_themeisle_gutenberg_block_has_review":false,"footnotes":""},"class_list":["post-1071","page","type-page","status-publish","hentry"],"aioseo_notices":[],"_links":{"self":[{"href":"https:\/\/cura3d.com\/en\/wp-json\/wp\/v2\/pages\/1071","targetHints":{"allow":["GET"]}}],"collection":[{"href":"https:\/\/cura3d.com\/en\/wp-json\/wp\/v2\/pages"}],"about":[{"href":"https:\/\/cura3d.com\/en\/wp-json\/wp\/v2\/types\/page"}],"author":[{"embeddable":true,"href":"https:\/\/cura3d.com\/en\/wp-json\/wp\/v2\/users\/1"}],"replies":[{"embeddable":true,"href":"https:\/\/cura3d.com\/en\/wp-json\/wp\/v2\/comments?post=1071"}],"version-history":[{"count":0,"href":"https:\/\/cura3d.com\/en\/wp-json\/wp\/v2\/pages\/1071\/revisions"}],"up":[{"embeddable":true,"href":"https:\/\/cura3d.com\/en\/wp-json\/wp\/v2\/pages\/17"}],"wp:attachment":[{"href":"https:\/\/cura3d.com\/en\/wp-json\/wp\/v2\/media?parent=1071"}],"curies":[{"name":"wp","href":"https:\/\/api.w.org\/{rel}","templated":true}]}}